{"id":155,"date":"2012-06-14T20:14:49","date_gmt":"2012-06-14T20:14:49","guid":{"rendered":"http:\/\/www.womanhollerinranch.com\/ranch\/?page_id=155"},"modified":"2020-03-10T05:28:14","modified_gmt":"2020-03-10T05:28:14","slug":"5-e-seven","status":"publish","type":"page","link":"https:\/\/www.womanhollerinranch.com\/ranch\/5-e-seven\/","title":{"rendered":"Herd Sires"},"content":{"rendered":"<div class=\"custom-frame-wrapper alignleft\"><div class=\"custom-frame-inner-wrapper\"><div class=\"custom-frame-padding\"><img loading=\"lazy\" class=\"alignnone wp-image-558\" src=\"http:\/\/www.womanhollerinranch.com\/ranch\/wp-content\/uploads\/2012\/06\/honeybadger_sfot-web.jpg\" alt=\"\" width=\"575\" height=\"383\" srcset=\"https:\/\/www.womanhollerinranch.com\/ranch\/wp-content\/uploads\/2012\/06\/honeybadger_sfot-web.jpg 648w, https:\/\/www.womanhollerinranch.com\/ranch\/wp-content\/uploads\/2012\/06\/honeybadger_sfot-web-300x200.jpg 300w\" sizes=\"(max-width: 575px) 100vw, 575px\" \/><\/div><\/div><\/div>\n<p>&nbsp;<\/p>\n<p>&nbsp;<\/p>\n<p><strong>777 Honey Badger 1202<\/strong><br \/>\nXL Hannas Red Hot 517 (ET) X Rocking As Casey 1031<\/p>\n<a class=\"medium custom-button align-btn-left\" href=\"http:\/\/www.womanhollerinranch.com\/ranch\/wp-content\/uploads\/2012\/06\/2015-11-17-Honey-Badger-papers.pdf\" title=\"Click to View 1202's Pedigree\"><span style=\"background-color:#4C9E45; color:#FFFFFF\">Click to View 1202's Pedigree<\/span><\/a>\n<div class=\"divider\"><\/div>\n<div class=\"custom-frame-wrapper alignleft\"><div class=\"custom-frame-inner-wrapper\"><div class=\"custom-frame-padding\"><a href=\"https:\/\/www.womanhollerinranch.com\/ranch\/wp-content\/uploads\/2020\/03\/2020-Dixie-National-NEw-bull.jpg\"><img loading=\"lazy\" class=\"wp-image-614 alignnone\" src=\"https:\/\/www.womanhollerinranch.com\/ranch\/wp-content\/uploads\/2020\/03\/2020-Dixie-National-NEw-bull.jpg\" alt=\"2020-Dixie-National-NEw-bull\" width=\"575\" height=\"376\" srcset=\"https:\/\/www.womanhollerinranch.com\/ranch\/wp-content\/uploads\/2020\/03\/2020-Dixie-National-NEw-bull.jpg 900w, https:\/\/www.womanhollerinranch.com\/ranch\/wp-content\/uploads\/2020\/03\/2020-Dixie-National-NEw-bull-300x196.jpg 300w, https:\/\/www.womanhollerinranch.com\/ranch\/wp-content\/uploads\/2020\/03\/2020-Dixie-National-NEw-bull-768x503.jpg 768w\" sizes=\"(max-width: 575px) 100vw, 575px\" \/><\/a><\/div><\/div><\/div>\n<p>&nbsp;<\/p>\n<p>&nbsp;<\/p>\n<p><strong>Rolling Oaks Elwood 219<\/strong><br \/>\n1227182 MR CVF 2022 X 20170341 Rolling Oaks Evelyn<\/p>\n<p>&nbsp;<\/p>\n<p>&nbsp;<\/p>\n<a class=\"medium custom-button align-btn-left\" href=\"https:\/\/www.livestockgenetics.net\/sgbipub\/output\/asearch_view.php?editid1=20190048\" title=\"Click to View 219's Full Pedigree\" target=\"_blank\"><span style=\"background-color:#4C9E45; color:#FFFFFF\">Click to View 219's Full Pedigree<\/span><\/a>\n<div class=\"divider\"><\/div>\n<div class=\"custom-frame-wrapper alignleft\"><div class=\"custom-frame-inner-wrapper\"><div class=\"custom-frame-padding\"><img loading=\"lazy\" class=\" wp-image-92\" title=\"woman-hollerin-fp4c\" src=\"http:\/\/www.womanhollerinranch.com\/ranch\/wp-content\/uploads\/2012\/05\/woman-hollerin-fp4c-1024x595.jpg\" alt=\"\" width=\"574\" height=\"334\" srcset=\"https:\/\/www.womanhollerinranch.com\/ranch\/wp-content\/uploads\/2012\/05\/woman-hollerin-fp4c-1024x595.jpg 1024w, https:\/\/www.womanhollerinranch.com\/ranch\/wp-content\/uploads\/2012\/05\/woman-hollerin-fp4c-300x174.jpg 300w\" sizes=\"(max-width: 574px) 100vw, 574px\" \/><\/div><\/div><\/div>\n<p>&nbsp;<\/p>\n<p>&nbsp;<\/p>\n<p><strong>Conventional semen: $45\/straw<\/strong><\/p>\n<p>&nbsp;<\/p>\n<p>&nbsp;<\/p>\n<p>&nbsp;<\/p>\n<p>&nbsp;<\/p>\n<p>&nbsp;<\/p>\n<a class=\"medium custom-button align-btn-left\" href=\"http:\/\/www.womanhollerinranch.com\/ranch\/wp-content\/uploads\/2012\/05\/5E-Seven.pdf\" title=\"See 5-E Seven Semen Catalog Page\"><span style=\"background-color:#4C9E45; color:#FFFFFF\">See 5-E Seven Semen Catalog Page<\/span><\/a>\n<p>&nbsp;<\/p>\n<div class=\"divider\"><\/div>\n<div class=\"one_third\"><strong>ENGLISH:<\/strong><\/p>\n<p>Woman Hollerin Ranch is proud to offer semen for sale on our herd sire, 5-E\u2019s Seven. He proved himself in the show ring with 5 Grand Champions and 1 Reserve Grand in 6 shows, and now he is proving himself in the pasture with his first calf crop. He will add length, depth, bone and muscle. He is very level topped with a smooth, level hip and moves on very sound feet and legs. With 5-E, Briggs, Nine Bar and Winrock in his pedigree and the physical attributes he is passing on to his progeny, 5-E Seven is making his mark on our herd. Call us today for semen and let him make his mark on yours!<\/div>\n<div class=\"one_third\"><strong>PORTUGU\u00caS:<\/strong><\/p>\n<p>O Woman Hollerin Ranch tem o orgulho de oferecer para venda o s\u00eamen do nosso reprodutor de rebanho, 5-E\u2019s Seven. Ele se provou na pista de julgamento com cinco t\u00edtulos de Grande Campe\u00e3o e um de Reservado Grande campe\u00e3o em seis competi\u00e7\u00f5es e agora est\u00e1 se provando no pasto com sua primeira produ\u00e7\u00e3o de bezerros. Ele agregar\u00e1 comprimento, profundidade, ossatura e m\u00fasculos. Tem uma parte superior muito reta, com garupa reta e suave, e se movimenta sobre pernas e p\u00e9s muito corretos. Com 5-E, Briggs, Nine Bar e Winrock em sua linhagem e os atributos f\u00edsicos que est\u00e1 transmitindo a sua prog\u00eanie, 5-E Seven est\u00e1 deixando sua marca em nosso rebanho. Ligue-nos hoje para s\u00eamen e permita-o deixar sua marca em seus rebanhos!<\/div>\n<div class=\"one_third last_column\"><strong>ESPA\u00d1OL:<\/strong><\/p>\n<p>Woman Hollerin Ranch tiene el orgullo de ofrecer a la venta el semen de nuestro reproductor de reba\u00f1o, 5-E\u2019s Seven. \u00c9l se prob\u00f3 en la pista de juicios con cinco t\u00edtulos de Gran Campe\u00f3n y uno de Reservado Grande campe\u00f3n en seis competiciones y ahora se est\u00e1 probando en el pasto con su primera producci\u00f3n de becerros. \u00c9l agregar\u00e1 largo, profundidad, osamenta y m\u00fasculos. Tiene una parte superior muy recta, con lomo recto y suave, y se mueve sobre piernas y pata muy correctos. Con 5-E, Briggs, Nine Bar y Winrock en su linaje y los atributos f\u00edsicos que est\u00e1 transmitiendo a su progenie, 5-E Seven est\u00e1 dejando su marca en nuestro reba\u00f1o. \u00a1Ll\u00e1menos hoy para semen y perm\u00edtalo dejar su<br \/>\nmarca en sus reba\u00f1os!<\/div>\n<div style=\"text-align:center;\"><div class=\"custom-frame-wrapper aligncenter\"><div class=\"custom-frame-inner-wrapper\"><div class=\"custom-frame-padding\"><img loading=\"lazy\" class=\"alignnone size-full wp-image-398\" src=\"http:\/\/www.womanhollerinranch.com\/ranch\/wp-content\/uploads\/2012\/06\/5-e_new-pic.jpg\" alt=\"5-e_new-pic\" width=\"570\" height=\"379\" srcset=\"https:\/\/www.womanhollerinranch.com\/ranch\/wp-content\/uploads\/2012\/06\/5-e_new-pic.jpg 570w, https:\/\/www.womanhollerinranch.com\/ranch\/wp-content\/uploads\/2012\/06\/5-e_new-pic-300x199.jpg 300w\" sizes=\"(max-width: 570px) 100vw, 570px\" \/><\/div><\/div><\/div><\/div>\n","protected":false},"excerpt":{"rendered":"<p>&nbsp; &nbsp; 777 Honey Badger 1202 XL Hannas Red Hot 517 (ET) X Rocking As Casey 1031 &nbsp; &nbsp; Rolling Oaks Elwood 219 1227182 MR CVF 2022 X 20170341 Rolling Oaks Evelyn &nbsp; &nbsp; &nbsp; &nbsp; Conventional semen: $45\/straw &nbsp; &nbsp; &nbsp; &nbsp; &nbsp; &nbsp;<\/p>\n","protected":false},"author":3,"featured_media":92,"parent":0,"menu_order":0,"comment_status":"closed","ping_status":"closed","template":"page-FullWidth.php","meta":[],"aioseo_notices":[],"_links":{"self":[{"href":"https:\/\/www.womanhollerinranch.com\/ranch\/wp-json\/wp\/v2\/pages\/155"}],"collection":[{"href":"https:\/\/www.womanhollerinranch.com\/ranch\/wp-json\/wp\/v2\/pages"}],"about":[{"href":"https:\/\/www.womanhollerinranch.com\/ranch\/wp-json\/wp\/v2\/types\/page"}],"author":[{"embeddable":true,"href":"https:\/\/www.womanhollerinranch.com\/ranch\/wp-json\/wp\/v2\/users\/3"}],"replies":[{"embeddable":true,"href":"https:\/\/www.womanhollerinranch.com\/ranch\/wp-json\/wp\/v2\/comments?post=155"}],"version-history":[{"count":28,"href":"https:\/\/www.womanhollerinranch.com\/ranch\/wp-json\/wp\/v2\/pages\/155\/revisions"}],"predecessor-version":[{"id":616,"href":"https:\/\/www.womanhollerinranch.com\/ranch\/wp-json\/wp\/v2\/pages\/155\/revisions\/616"}],"wp:featuredmedia":[{"embeddable":true,"href":"https:\/\/www.womanhollerinranch.com\/ranch\/wp-json\/wp\/v2\/media\/92"}],"wp:attachment":[{"href":"https:\/\/www.womanhollerinranch.com\/ranch\/wp-json\/wp\/v2\/media?parent=155"}],"curies":[{"name":"wp","href":"https:\/\/api.w.org\/{rel}","templated":true}]}}